{"id":4574,"date":"2020-02-18T10:04:32","date_gmt":"2020-02-18T10:04:32","guid":{"rendered":"https:\/\/eiendom-marbella.com\/properties\/"},"modified":"2021-12-27T09:08:39","modified_gmt":"2021-12-27T09:08:39","slug":"generelle-egenskaper","status":"publish","type":"page","link":"https:\/\/eiendom-marbella.com\/no\/generelle-egenskaper\/","title":{"rendered":"Utvalgte eiendommer"},"content":{"rendered":"\t\t<div data-elementor-type=\"wp-page\" data-elementor-id=\"4574\" class=\"elementor elementor-4574 elementor-2572\" data-elementor-settings=\"[]\">\n\t\t\t\t\t\t\t<div class=\"elementor-section-wrap\">\n\t\t\t\t\t\t\t<section class=\"elementor-section elementor-top-section elementor-element elementor-element-a4b8884 elementor-section-boxed elementor-section-height-default elementor-section-height-default\" data-id=\"a4b8884\" data-element_type=\"section\">\n\t\t\t\t\t\t<div class=\"elementor-container elementor-column-gap-default\">\n\t\t\t\t\t<div class=\"elementor-column elementor-col-100 elementor-top-column elementor-element elementor-element-3eac21e\" data-id=\"3eac21e\" data-element_type=\"column\">\n\t\t\t<div class=\"elementor-widget-wrap elementor-element-populated\">\n\t\t\t\t\t\t\t\t<div class=\"elementor-element elementor-element-760619d elementor-widget elementor-widget-heading\" data-id=\"760619d\" data-element_type=\"widget\" data-widget_type=\"heading.default\">\n\t\t\t\t<div class=\"elementor-widget-container\">\n\t\t\t<p class=\"elementor-heading-title elementor-size-default\">I Segarra & Br\u00e5teng har vi et bredt utvalg av eiendommer til salgs og til leie p\u00e5 Costa del Sol. Vi dekker kysten fra Fuengirola til Estepona, med spesielt fokus p\u00e5 Marbella. Se v\u00e5re utvalgte eiendommer under.<\/p>\t\t<\/div>\n\t\t\t\t<\/div>\n\t\t\t\t<div class=\"elementor-element elementor-element-4f122b2 elementor-widget elementor-widget-spacer\" data-id=\"4f122b2\" data-element_type=\"widget\" data-widget_type=\"spacer.default\">\n\t\t\t\t<div class=\"elementor-widget-container\">\n\t\t\t\t\t<div class=\"elementor-spacer\">\n\t\t\t<div class=\"elementor-spacer-inner\"><\/div>\n\t\t<\/div>\n\t\t\t\t<\/div>\n\t\t\t\t<\/div>\n\t\t\t\t<div class=\"elementor-element elementor-element-421fd63 elementor-button-align-stretch elementor-widget elementor-widget-houzez_elementor_search_builder\" data-id=\"421fd63\" data-element_type=\"widget\" data-widget_type=\"houzez_elementor_search_builder.default\">\n\t\t\t\t<div class=\"elementor-widget-container\">\n\t\t\t\n        <form class=\"houzez-search-form-js\" id=\"houzez-search-421fd63\" method=\"get\" action=\"https:\/\/eiendom-marbella.com\/no\/search-results\/\" >\n\n            \n            <div class=\"houzez-ele-search-form-wrapper elementor-form-fields-wrapper elementor-labels-above\">\n\n                                        <div class=\"elementor-field-group elementor-column form-group elementor-field-group-field-property_id elementor-col-20\">\n                    <label for=\"form-field-field-property_id\" class=\"elementor-field-label elementor-screen-only\">Property ID<\/label><input type=\"text\" size=\"1\" name=\"property_id\" id=\"form-field-field-property_id\" class=\"elementor-field form-control elementor-size-sm elementor-field-textual\" placeholder=\"Eiendoms ID\">                    <\/div>\n                    \n                                            <div class=\"elementor-field-group elementor-column form-group elementor-field-group-field-cities elementor-col-20\">\n                    <label for=\"form-field-field-cities\" class=\"elementor-field-label elementor-screen-only\">Cities<\/label>        <div class=\"elementor-field elementor-select-wrapper\">\n            <select data-size=\"5\" name=\"location[]\" id=\"form-field-field-cities\" class=\"selectpicker bs-select-hidden houzez-field-textual form-control elementor-size-sm houzezSelectFilter houzezCityFilter houzezThirdList houzez-city-js\" data-none-results-text=\"No results matched {0}\" data-target=\"houzezFourthList\">\n                <option value=\"\">Alle Byer<\/option><option data-ref=\"estepona-no\" data-belong=\"\" data-subtext=\"\" value=\"estepona-no\">Estepona<\/option><option data-ref=\"fuengirola\" data-belong=\"\" data-subtext=\"\" value=\"fuengirola\">Fuengirola<\/option><option data-ref=\"fuengirola-2-no\" data-belong=\"\" data-subtext=\"\" value=\"fuengirola-2-no\">Fuengirola<\/option><option data-ref=\"marbella-no\" data-belong=\"\" data-subtext=\"\" value=\"marbella-no\">Marbella<\/option><option data-ref=\"mijas-no\" data-belong=\"\" data-subtext=\"\" value=\"mijas-no\">Mijas<\/option>            <\/select>\n        <\/div>\n                            <\/div>\n                    \n                                            <div class=\"elementor-field-group elementor-column form-group elementor-field-group-55d9357 elementor-col-20\">\n                    <label for=\"form-field-55d9357\" class=\"elementor-field-label elementor-screen-only\">Areas<\/label>        <div class=\"elementor-field elementor-select-wrapper\">\n            <select multiple=\"multiple\" title=\"Alle Omr\u00e5der\" data-selected-text-format=\"count &gt; 1\" data-select-all-text=\"Select All\" data-deselect-all-text=\"Deselect All\" data-actions-box=\"true\" data-count-selected-text=\"{0} items selected\" data-size=\"5\" name=\"areas[]\" id=\"form-field-55d9357\" class=\"selectpicker bs-select-hidden houzez-field-textual form-control elementor-size-sm houzezSelectFilter houzezFourthList\" data-none-results-text=\"No results matched {0}\">\n                <option data-ref=\"cabopino-3\" data-belong=\"\" data-subtext=\"\" value=\"cabopino-3\">Cabopino<\/option><option data-ref=\"calahonda-no\" data-belong=\"\" data-subtext=\"\" value=\"calahonda-no\">Calahonda<\/option><option data-ref=\"elviria-no\" data-belong=\"\" data-subtext=\"\" value=\"elviria-no\">Elviria<\/option><option data-ref=\"estepona-no\" data-belong=\"\" data-subtext=\"\" value=\"estepona-no\">Estepona<\/option><option data-ref=\"fuengirola-4-no\" data-belong=\"\" data-subtext=\"\" value=\"fuengirola-4-no\">Fuengirola<\/option><option data-ref=\"marbella-no\" data-belong=\"\" data-subtext=\"\" value=\"marbella-no\">Marbella<\/option><option data-ref=\"nueva-andalucia-no\" data-belong=\"\" data-subtext=\"\" value=\"nueva-andalucia-no\">Nueva Andalucia<\/option>            <\/select>\n        <\/div>\n                            <\/div>\n                    \n                                            <div class=\"elementor-field-group elementor-column form-group elementor-field-group-field-types elementor-col-20 elementor-sm-50\">\n                    <label for=\"form-field-field-types\" class=\"elementor-field-label elementor-screen-only\">Property Type<\/label>        <div class=\"elementor-field elementor-select-wrapper\">\n            <select multiple=\"multiple\" title=\"Alle Typer\" data-selected-text-format=\"count &gt; 1\" data-select-all-text=\"Select All\" data-deselect-all-text=\"Deselect All\" data-actions-box=\"true\" data-count-selected-text=\"{0} types selected\" data-size=\"5\" name=\"type[]\" id=\"form-field-field-types\" class=\"selectpicker bs-select-hidden houzez-field-textual form-control elementor-size-sm \" data-none-results-text=\"No results matched {0}\">\n                <option data-ref=\"under-offer\"   value=\"under-offer\">Budgivning p\u00e5g\u00e5r<\/option><option data-ref=\"bungalow-2\"   value=\"bungalow-2\">Bungalow<\/option><option data-ref=\"enebolig-no\"   value=\"enebolig-no\">Enebolig<\/option><option data-ref=\"houses-no\"   value=\"houses-no\">Houses<\/option><option data-ref=\"landsted-finca\"   value=\"landsted-finca\">Landsted \/ Finca<\/option><option data-ref=\"leiligheter-no\"   value=\"leiligheter-no\">Leilighet<\/option><option data-ref=\"penthouse-no\"   value=\"penthouse-no\">Penthouse<\/option><option data-ref=\"rekkehus\"   value=\"rekkehus\">Rekkehus<\/option><option data-ref=\"semi-detached-house-no\"   value=\"semi-detached-house-no\">Semi-Detached House<\/option><option data-ref=\"studioleilighet\"   value=\"studioleilighet\">Studioleilighet<\/option><option data-ref=\"plot-no\"   value=\"plot-no\">Tomt<\/option><option data-ref=\"toppleilighet\"   value=\"toppleilighet\">Toppleilighet<\/option><option data-ref=\"townhouse-no\"   value=\"townhouse-no\">Townhouse<\/option><option data-ref=\"villa\"   value=\"villa\">Villa<\/option>            <\/select>\n        <\/div>\n                            <\/div>\n                    \n                                            <div class=\"elementor-field-group elementor-column form-group elementor-field-group-field-status elementor-col-20 elementor-sm-50\">\n                    <label for=\"form-field-field-status\" class=\"elementor-field-label elementor-screen-only\">Property Status<\/label>        <div class=\"elementor-field elementor-select-wrapper\">\n            <select multiple=\"multiple\" title=\"Alle Status\" data-selected-text-format=\"count &gt; 1\" data-select-all-text=\"Select All\" data-deselect-all-text=\"Deselect All\" data-actions-box=\"true\" data-count-selected-text=\"{0} status selected\" data-size=\"5\" name=\"status[]\" id=\"form-field-field-status\" class=\"selectpicker bs-select-hidden houzez-field-textual form-control elementor-size-sm status-js\" data-none-results-text=\"No results matched {0}\">\n                <option data-ref=\"sold-2\"   value=\"sold-2\">SOLD<\/option><option data-ref=\"solgt\"   value=\"solgt\">SOLGT<\/option><option data-ref=\"for-rent-no\"   value=\"for-rent-no\">Til leie<\/option><option data-ref=\"for-sale-no\"   value=\"for-sale-no\">Til salgs<\/option><option data-ref=\"under-offer\"   value=\"under-offer\">Under Offer<\/option>            <\/select>\n        <\/div>\n                            <\/div>\n                    \n                                            <div class=\"elementor-field-group elementor-column form-group elementor-field-group-field-beds elementor-col-20 elementor-sm-50\">\n                    <label for=\"form-field-field-beds\" class=\"elementor-field-label elementor-screen-only\">Bedrooms<\/label>        <div class=\"elementor-field elementor-select-wrapper\">\n            <select data-size=\"5\" name=\"bedrooms\" id=\"form-field-field-beds\" class=\"selectpicker bs-select-hidden houzez-field-textual form-control elementor-size-sm\">\n                <option value=\"\">Soverom<\/option><option value=\"1\">1<\/option><option value=\"2\">2<\/option><option value=\"3\">3<\/option><option value=\"4\">4<\/option><option value=\"5\">5<\/option><option value=\"6\">6<\/option><option value=\"7\">7<\/option><option value=\"8\">8<\/option><option value=\"9\">9<\/option><option value=\"10\">10<\/option><option value=\"any\">Any<\/option>            <\/select>\n        <\/div>\n                            <\/div>\n                    \n                                            <div class=\"elementor-field-group elementor-column form-group elementor-field-group-field-baths elementor-col-20 elementor-sm-50\">\n                    <label for=\"form-field-field-baths\" class=\"elementor-field-label elementor-screen-only\">Bathrooms<\/label>        <div class=\"elementor-field elementor-select-wrapper\">\n            <select data-size=\"5\" name=\"bedrooms\" id=\"form-field-field-baths\" class=\"selectpicker bs-select-hidden houzez-field-textual form-control elementor-size-sm\">\n                <option value=\"\">Bad<\/option><option value=\"1\">1<\/option><option value=\"2\">2<\/option><option value=\"3\">3<\/option><option value=\"4\">4<\/option><option value=\"5\">5<\/option><option value=\"6\">6<\/option><option value=\"7\">7<\/option><option value=\"8\">8<\/option><option value=\"9\">9<\/option><option value=\"10\">10<\/option><option value=\"any\">Any<\/option>            <\/select>\n        <\/div>\n                            <\/div>\n                    \n                                            <div class=\"elementor-field-group elementor-column form-group elementor-field-group-field-min-price elementor-col-20 elementor-sm-50\">\n                    <label for=\"form-field-field-min-price\" class=\"elementor-field-label elementor-screen-only\">Min. Price<\/label>            <div class=\"prices-for-all elementor-field elementor-select-wrapper\">\n                <select data-size=\"5\" name=\"min-price\" id=\"form-field-field-min-price\" class=\"selectpicker bs-select-hidden houzez-field-textual form-control elementor-size-sm\">\n                    <option value=\"\">Min. Pris<\/option><option value=\"any\">Any<\/option><option value=\"50000\">50,000\u20ac<\/option><option value=\"100000\">100,000\u20ac<\/option><option value=\"200000\">200,000\u20ac<\/option><option value=\"300000\">300,000\u20ac<\/option><option value=\"400000\">400,000\u20ac<\/option><option value=\"500000\">500,000\u20ac<\/option><option value=\"600000\">600,000\u20ac<\/option><option value=\"700000\">700,000\u20ac<\/option><option value=\"800000\">800,000\u20ac<\/option><option value=\"900000\">900,000\u20ac<\/option><option value=\"1000000\">1,000,000\u20ac<\/option><option value=\"1500000\">1,500,000\u20ac<\/option><option value=\"2000000\">2,000,000\u20ac<\/option><option value=\"2500000\">2,500,000\u20ac<\/option><option value=\"5000000\">5,000,000\u20ac<\/option>\n                <\/select><!-- selectpicker -->\n            <\/div><!-- form-group -->\n\n            <div class=\"hide prices-only-for-rent elementor-field elementor-select-wrapper\">\n                <select data-size=\"5\" name=\"min-price\" id=\"form-field-field-min-price\" class=\"selectpicker bs-select-hidden houzez-field-textual form-control elementor-size-sm\">\n                    <option value=\"\">Min. Pris<\/option><option value=\"any\">Any<\/option><option value=\"50000\">50,000\u20ac<\/option><option value=\"100000\">100,000\u20ac<\/option><option value=\"200000\">200,000\u20ac<\/option><option value=\"300000\">300,000\u20ac<\/option><option value=\"400000\">400,000\u20ac<\/option><option value=\"500000\">500,000\u20ac<\/option><option value=\"600000\">600,000\u20ac<\/option><option value=\"700000\">700,000\u20ac<\/option><option value=\"800000\">800,000\u20ac<\/option><option value=\"900000\">900,000\u20ac<\/option><option value=\"1000000\">1,000,000\u20ac<\/option><option value=\"1500000\">1,500,000\u20ac<\/option><option value=\"2000000\">2,000,000\u20ac<\/option><option value=\"2500000\">2,500,000\u20ac<\/option><option value=\"5000000\">5,000,000\u20ac<\/option>\n                <\/select><!-- selectpicker -->\n            <\/div><!-- form-group -->\n\n                            <\/div>\n                    \n                                            <div class=\"elementor-field-group elementor-column form-group elementor-field-group-field-max-price elementor-col-20 elementor-sm-50\">\n                    <label for=\"form-field-field-max-price\" class=\"elementor-field-label elementor-screen-only\">Max. Price<\/label>        <div class=\"prices-for-all elementor-field elementor-select-wrapper\">\n            <select data-size=\"5\" name=\"max-price\" id=\"form-field-field-max-price\" data-live-search=\"true\" class=\"selectpicker bs-select-hidden houzez-field-textual form-control elementor-size-sm\">\n                <option value=\"\">Maks. Pris<\/option><option value=\"any\">Any<\/option><option value=\"50000\">50,000\u20ac<\/option><option value=\"100000\">100,000\u20ac<\/option><option value=\"200000\">200,000\u20ac<\/option><option value=\"300000\">300,000\u20ac<\/option><option value=\"400000\">400,000\u20ac<\/option><option value=\"500000\">500,000\u20ac<\/option><option value=\"600000\">600,000\u20ac<\/option><option value=\"700000\">700,000\u20ac<\/option><option value=\"800000\">800,000\u20ac<\/option><option value=\"900000\">900,000\u20ac<\/option><option value=\"1000000\">1,000,000\u20ac<\/option><option value=\"1500000\">1,500,000\u20ac<\/option><option value=\"2000000\">2,000,000\u20ac<\/option><option value=\"2500000\">2,500,000\u20ac<\/option><option value=\"5000000\">5,000,000\u20ac<\/option><option value=\"10000000\">10,000,000\u20ac<\/option>\n            <\/select><!-- selectpicker -->\n        <\/div><!-- form-group -->\n\n        <div class=\"hide prices-only-for-rent elementor-field elementor-select-wrapper\">\n            <select data-size=\"5\" name=\"max-price\" id=\"form-field-field-max-price\" data-live-search=\"true\" class=\"selectpicker bs-select-hidden houzez-field-textual form-control elementor-size-sm\">\n                <option value=\"\">Maks. Pris<\/option><option value=\"any\">Any<\/option><option value=\"50000\">50,000\u20ac<\/option><option value=\"100000\">100,000\u20ac<\/option><option value=\"200000\">200,000\u20ac<\/option><option value=\"300000\">300,000\u20ac<\/option><option value=\"400000\">400,000\u20ac<\/option><option value=\"500000\">500,000\u20ac<\/option><option value=\"600000\">600,000\u20ac<\/option><option value=\"700000\">700,000\u20ac<\/option><option value=\"800000\">800,000\u20ac<\/option><option value=\"900000\">900,000\u20ac<\/option><option value=\"1000000\">1,000,000\u20ac<\/option><option value=\"1500000\">1,500,000\u20ac<\/option><option value=\"2000000\">2,000,000\u20ac<\/option><option value=\"2500000\">2,500,000\u20ac<\/option><option value=\"5000000\">5,000,000\u20ac<\/option><option value=\"10000000\">10,000,000\u20ac<\/option>\n            <\/select><!-- selectpicker -->\n        <\/div><!-- form-group -->\n                            <\/div>\n                    \n                                                <div class=\"elementor-field-group elementor-column elementor-field-type-submit elementor-col-20\">\n                                <button type=\"submit\" class=\"btn houzez-search-button elementor-button elementor-size-sm\">\n                                                                            Search                                                                    <\/button>\n                            <\/div>\n                            \n                    \n            <\/div><!-- End wrapper-->\n\n        <\/form>\n\n        \t\t<\/div>\n\t\t\t\t<\/div>\n\t\t\t\t<div class=\"elementor-element elementor-element-4f08ce8 elementor-widget elementor-widget-spacer\" data-id=\"4f08ce8\" data-element_type=\"widget\" data-widget_type=\"spacer.default\">\n\t\t\t\t<div class=\"elementor-widget-container\">\n\t\t\t\t\t<div class=\"elementor-spacer\">\n\t\t\t<div class=\"elementor-spacer-inner\"><\/div>\n\t\t<\/div>\n\t\t\t\t<\/div>\n\t\t\t\t<\/div>\n\t\t\t\t\t<\/div>\n\t\t<\/div>\n\t\t\t\t\t\t\t<\/div>\n\t\t<\/section>\n\t\t\t\t\t\t<\/div>\n\t\t\t\t\t<\/div>\n\t\t","protected":false},"excerpt":{"rendered":"<p>I Segarra &#038; Br\u00e5teng har vi et bredt utvalg av eiendommer til salgs og til leie p\u00e5 Costa del Sol. Vi dekker kysten fra Fuengirola til Estepona, med spesielt fokus p\u00e5 Marbella. Se v\u00e5re utvalgte eiendommer under. Property ID Cities Alle ByerBenalm\u00e1denaEsteponaFuengirolaMarbellaV\u00e9lez-M\u00e1laga Areas Altos de los MonterosAtalayaBenahavisBenalm\u00e1denaCalahondaCalahondaEl RosarioElviriaEsteponaFuengirolaFuengirola EsteLas ChapasLas LagunasMarbellaMilla de OroNueva AndaluciaNueva Milla [&hellip;]<\/p>\n","protected":false},"author":2,"featured_media":0,"parent":0,"menu_order":0,"comment_status":"closed","ping_status":"closed","template":"template\/template-listing-grid-v6-fullwidth-2cols.php","meta":{"footnotes":""},"class_list":["post-4574","page","type-page","status-publish","hentry"],"yoast_head":"<!-- This site is optimized with the Yoast SEO plugin v22.5 - https:\/\/yoast.com\/wordpress\/plugins\/seo\/ -->\n<title>Utvalgte eiendommer - Real Estate Segarra &amp; Br\u00e5teng in Marbella<\/title>\n<meta name=\"robots\" content=\"index, follow, max-snippet:-1, max-image-preview:large, max-video-preview:-1\" \/>\n<link rel=\"canonical\" href=\"https:\/\/eiendom-marbella.com\/no\/generelle-egenskaper\/\" \/>\n<meta property=\"og:locale\" content=\"nb_NO\" \/>\n<meta property=\"og:type\" content=\"article\" \/>\n<meta property=\"og:title\" content=\"Utvalgte eiendommer - Real Estate Segarra &amp; Br\u00e5teng in Marbella\" \/>\n<meta property=\"og:description\" content=\"I Segarra &#038; Br\u00e5teng har vi et bredt utvalg av eiendommer til salgs og til leie p\u00e5 Costa del Sol. Vi dekker kysten fra Fuengirola til Estepona, med spesielt fokus p\u00e5 Marbella. Se v\u00e5re utvalgte eiendommer under. Property ID Cities Alle ByerBenalm\u00e1denaEsteponaFuengirolaMarbellaV\u00e9lez-M\u00e1laga Areas Altos de los MonterosAtalayaBenahavisBenalm\u00e1denaCalahondaCalahondaEl RosarioElviriaEsteponaFuengirolaFuengirola EsteLas ChapasLas LagunasMarbellaMilla de OroNueva AndaluciaNueva Milla [&hellip;]\" \/>\n<meta property=\"og:url\" content=\"https:\/\/eiendom-marbella.com\/no\/generelle-egenskaper\/\" \/>\n<meta property=\"og:site_name\" content=\"Real Estate Segarra &amp; Br\u00e5teng in Marbella\" \/>\n<meta property=\"article:modified_time\" content=\"2021-12-27T09:08:39+00:00\" \/>\n<meta name=\"twitter:card\" content=\"summary_large_image\" \/>\n<meta name=\"twitter:label1\" content=\"Ansl. lesetid\" \/>\n\t<meta name=\"twitter:data1\" content=\"3 minutter\" \/>\n<script type=\"application\/ld+json\" class=\"yoast-schema-graph\">{\"@context\":\"https:\/\/schema.org\",\"@graph\":[{\"@type\":\"WebPage\",\"@id\":\"https:\/\/eiendom-marbella.com\/no\/generelle-egenskaper\/\",\"url\":\"https:\/\/eiendom-marbella.com\/no\/generelle-egenskaper\/\",\"name\":\"Utvalgte eiendommer - Real Estate Segarra &amp; Br\u00e5teng in Marbella\",\"isPartOf\":{\"@id\":\"https:\/\/eiendom-marbella.com\/#website\"},\"datePublished\":\"2020-02-18T10:04:32+00:00\",\"dateModified\":\"2021-12-27T09:08:39+00:00\",\"breadcrumb\":{\"@id\":\"https:\/\/eiendom-marbella.com\/no\/generelle-egenskaper\/#breadcrumb\"},\"inLanguage\":\"nb-NO\",\"potentialAction\":[{\"@type\":\"ReadAction\",\"target\":[\"https:\/\/eiendom-marbella.com\/no\/generelle-egenskaper\/\"]}]},{\"@type\":\"BreadcrumbList\",\"@id\":\"https:\/\/eiendom-marbella.com\/no\/generelle-egenskaper\/#breadcrumb\",\"itemListElement\":[{\"@type\":\"ListItem\",\"position\":1,\"name\":\"Home\",\"item\":\"https:\/\/eiendom-marbella.com\/\"},{\"@type\":\"ListItem\",\"position\":2,\"name\":\"Utvalgte eiendommer\"}]},{\"@type\":\"WebSite\",\"@id\":\"https:\/\/eiendom-marbella.com\/#website\",\"url\":\"https:\/\/eiendom-marbella.com\/\",\"name\":\"Real Estate Segarra &amp; Br\u00e5teng in Marbella\",\"description\":\"\",\"potentialAction\":[{\"@type\":\"SearchAction\",\"target\":{\"@type\":\"EntryPoint\",\"urlTemplate\":\"https:\/\/eiendom-marbella.com\/?s={search_term_string}\"},\"query-input\":\"required name=search_term_string\"}],\"inLanguage\":\"nb-NO\"}]}<\/script>\n<!-- \/ Yoast SEO plugin. -->","yoast_head_json":{"title":"Utvalgte eiendommer - Real Estate Segarra &amp; Br\u00e5teng in Marbella","robots":{"index":"index","follow":"follow","max-snippet":"max-snippet:-1","max-image-preview":"max-image-preview:large","max-video-preview":"max-video-preview:-1"},"canonical":"https:\/\/eiendom-marbella.com\/no\/generelle-egenskaper\/","og_locale":"nb_NO","og_type":"article","og_title":"Utvalgte eiendommer - Real Estate Segarra &amp; Br\u00e5teng in Marbella","og_description":"I Segarra &#038; Br\u00e5teng har vi et bredt utvalg av eiendommer til salgs og til leie p\u00e5 Costa del Sol. Vi dekker kysten fra Fuengirola til Estepona, med spesielt fokus p\u00e5 Marbella. Se v\u00e5re utvalgte eiendommer under. Property ID Cities Alle ByerBenalm\u00e1denaEsteponaFuengirolaMarbellaV\u00e9lez-M\u00e1laga Areas Altos de los MonterosAtalayaBenahavisBenalm\u00e1denaCalahondaCalahondaEl RosarioElviriaEsteponaFuengirolaFuengirola EsteLas ChapasLas LagunasMarbellaMilla de OroNueva AndaluciaNueva Milla [&hellip;]","og_url":"https:\/\/eiendom-marbella.com\/no\/generelle-egenskaper\/","og_site_name":"Real Estate Segarra &amp; Br\u00e5teng in Marbella","article_modified_time":"2021-12-27T09:08:39+00:00","twitter_card":"summary_large_image","twitter_misc":{"Ansl. lesetid":"3 minutter"},"schema":{"@context":"https:\/\/schema.org","@graph":[{"@type":"WebPage","@id":"https:\/\/eiendom-marbella.com\/no\/generelle-egenskaper\/","url":"https:\/\/eiendom-marbella.com\/no\/generelle-egenskaper\/","name":"Utvalgte eiendommer - Real Estate Segarra &amp; Br\u00e5teng in Marbella","isPartOf":{"@id":"https:\/\/eiendom-marbella.com\/#website"},"datePublished":"2020-02-18T10:04:32+00:00","dateModified":"2021-12-27T09:08:39+00:00","breadcrumb":{"@id":"https:\/\/eiendom-marbella.com\/no\/generelle-egenskaper\/#breadcrumb"},"inLanguage":"nb-NO","potentialAction":[{"@type":"ReadAction","target":["https:\/\/eiendom-marbella.com\/no\/generelle-egenskaper\/"]}]},{"@type":"BreadcrumbList","@id":"https:\/\/eiendom-marbella.com\/no\/generelle-egenskaper\/#breadcrumb","itemListElement":[{"@type":"ListItem","position":1,"name":"Home","item":"https:\/\/eiendom-marbella.com\/"},{"@type":"ListItem","position":2,"name":"Utvalgte eiendommer"}]},{"@type":"WebSite","@id":"https:\/\/eiendom-marbella.com\/#website","url":"https:\/\/eiendom-marbella.com\/","name":"Real Estate Segarra &amp; Br\u00e5teng in Marbella","description":"","potentialAction":[{"@type":"SearchAction","target":{"@type":"EntryPoint","urlTemplate":"https:\/\/eiendom-marbella.com\/?s={search_term_string}"},"query-input":"required name=search_term_string"}],"inLanguage":"nb-NO"}]}},"_links":{"self":[{"href":"https:\/\/eiendom-marbella.com\/no\/wp-json\/wp\/v2\/pages\/4574","targetHints":{"allow":["GET"]}}],"collection":[{"href":"https:\/\/eiendom-marbella.com\/no\/wp-json\/wp\/v2\/pages"}],"about":[{"href":"https:\/\/eiendom-marbella.com\/no\/wp-json\/wp\/v2\/types\/page"}],"author":[{"embeddable":true,"href":"https:\/\/eiendom-marbella.com\/no\/wp-json\/wp\/v2\/users\/2"}],"replies":[{"embeddable":true,"href":"https:\/\/eiendom-marbella.com\/no\/wp-json\/wp\/v2\/comments?post=4574"}],"version-history":[{"count":42,"href":"https:\/\/eiendom-marbella.com\/no\/wp-json\/wp\/v2\/pages\/4574\/revisions"}],"predecessor-version":[{"id":17382,"href":"https:\/\/eiendom-marbella.com\/no\/wp-json\/wp\/v2\/pages\/4574\/revisions\/17382"}],"wp:attachment":[{"href":"https:\/\/eiendom-marbella.com\/no\/wp-json\/wp\/v2\/media?parent=4574"}],"curies":[{"name":"wp","href":"https:\/\/api.w.org\/{rel}","templated":true}]}}